{"id":15893,"date":"2024-10-23T18:29:08","date_gmt":"2024-10-23T18:29:08","guid":{"rendered":"https:\/\/triopersonalizados.com.br\/?post_type=product&#038;p=15893"},"modified":"2025-05-16T20:40:16","modified_gmt":"2025-05-16T20:40:16","slug":"caneca-de-aluminio-500ml","status":"publish","type":"product","link":"https:\/\/triopersonalizados.com.br\/?product=caneca-de-aluminio-500ml","title":{"rendered":"Caneca Alum\u00ednio 500ml"},"content":{"rendered":"<p>Caneca de alum\u00ednio para voc\u00ea e para presentear quem voc\u00ea gosta. \u00a0\u00c9 uma pe\u00e7a que alia estilo e funcionalidade, sendo ideal tanto para uso pessoal quanto para presentes personalizados.<\/p>\n<p>Dimens\u00f5es do produto:<\/p>\n<p>Comprimento: 12cm<\/p>\n<p>Largura: 8cm<\/p>\n<p>Altura: 9,5cm<\/p>\n<p>Capacidade: 500ml<\/p>\n<p>&nbsp;<\/p>\n<p>Cuidados com o produto: Lavar com sab\u00e3o neutro e esponja macia. N\u00e3o usar produtos abrasivos na limpeza.<\/p>\n","protected":false},"excerpt":{"rendered":"<p>Caneca de alum\u00ednio para voc\u00ea e para presentear quem voc\u00ea gosta. \u00a0\u00c9 uma pe\u00e7a que alia estilo e funcionalidade, sendo<\/p>\n","protected":false},"featured_media":20345,"comment_status":"open","ping_status":"closed","template":"","meta":{"iawp_total_views":4,"_joinchat":[]},"product_brand":[],"product_cat":[27,25],"product_tag":[],"class_list":{"0":"post-15893","1":"product","2":"type-product","3":"status-publish","4":"has-post-thumbnail","6":"product_cat-aluminio","7":"product_cat-caneca-especial","9":"first","10":"instock","11":"shipping-taxable","12":"product-type-variable"},"_links":{"self":[{"href":"https:\/\/triopersonalizados.com.br\/index.php?rest_route=\/wp\/v2\/product\/15893","targetHints":{"allow":["GET"]}}],"collection":[{"href":"https:\/\/triopersonalizados.com.br\/index.php?rest_route=\/wp\/v2\/product"}],"about":[{"href":"https:\/\/triopersonalizados.com.br\/index.php?rest_route=\/wp\/v2\/types\/product"}],"replies":[{"embeddable":true,"href":"https:\/\/triopersonalizados.com.br\/index.php?rest_route=%2Fwp%2Fv2%2Fcomments&post=15893"}],"wp:featuredmedia":[{"embeddable":true,"href":"https:\/\/triopersonalizados.com.br\/index.php?rest_route=\/wp\/v2\/media\/20345"}],"wp:attachment":[{"href":"https:\/\/triopersonalizados.com.br\/index.php?rest_route=%2Fwp%2Fv2%2Fmedia&parent=15893"}],"wp:term":[{"taxonomy":"product_brand","embeddable":true,"href":"https:\/\/triopersonalizados.com.br\/index.php?rest_route=%2Fwp%2Fv2%2Fproduct_brand&post=15893"},{"taxonomy":"product_cat","embeddable":true,"href":"https:\/\/triopersonalizados.com.br\/index.php?rest_route=%2Fwp%2Fv2%2Fproduct_cat&post=15893"},{"taxonomy":"product_tag","embeddable":true,"href":"https:\/\/triopersonalizados.com.br\/index.php?rest_route=%2Fwp%2Fv2%2Fproduct_tag&post=15893"}],"curies":[{"name":"wp","href":"https:\/\/api.w.org\/{rel}","templated":true}]}}