
{"id":16893,"date":"2024-11-11T18:49:44","date_gmt":"2024-11-11T18:49:44","guid":{"rendered":"https:\/\/triopersonalizados.com.br\/?post_type=product&#038;p=16893"},"modified":"2026-03-28T02:53:49","modified_gmt":"2026-03-28T02:53:49","slug":"porta-copo-enjoy","status":"publish","type":"product","link":"https:\/\/triopersonalizados.com.br\/produto\/porta-copo-enjoy\/","title":{"rendered":"Porta Copo Personalizado"},"content":{"rendered":"<p>Porta copo Neoprene &#8211; personalize com\u00a0 sua arte ou logo.<\/p>\n<p>Envio ap\u00f3s aprova\u00e7\u00e3o da arte.<\/p>\n<p>&nbsp;<\/p>\n","protected":false},"excerpt":{"rendered":"<p>Porta copo Neoprene &#8211; personalize com\u00a0 sua arte ou logo. Envio ap\u00f3s aprova\u00e7\u00e3o da arte. &nbsp;<\/p>\n","protected":false},"featured_media":19674,"comment_status":"open","ping_status":"closed","template":"","meta":{"iawp_total_views":13,"_joinchat":[]},"product_brand":[],"product_cat":[42,45],"product_tag":[],"class_list":{"0":"post-16893","1":"product","2":"type-product","3":"status-publish","4":"has-post-thumbnail","6":"product_cat-brindes-diversos","7":"product_cat-porta-copo","9":"first","10":"instock","11":"shipping-taxable","12":"purchasable","13":"product-type-variable"},"_links":{"self":[{"href":"https:\/\/triopersonalizados.com.br\/wp-json\/wp\/v2\/product\/16893","targetHints":{"allow":["GET"]}}],"collection":[{"href":"https:\/\/triopersonalizados.com.br\/wp-json\/wp\/v2\/product"}],"about":[{"href":"https:\/\/triopersonalizados.com.br\/wp-json\/wp\/v2\/types\/product"}],"replies":[{"embeddable":true,"href":"https:\/\/triopersonalizados.com.br\/wp-json\/wp\/v2\/comments?post=16893"}],"wp:featuredmedia":[{"embeddable":true,"href":"https:\/\/triopersonalizados.com.br\/wp-json\/wp\/v2\/media\/19674"}],"wp:attachment":[{"href":"https:\/\/triopersonalizados.com.br\/wp-json\/wp\/v2\/media?parent=16893"}],"wp:term":[{"taxonomy":"product_brand","embeddable":true,"href":"https:\/\/triopersonalizados.com.br\/wp-json\/wp\/v2\/product_brand?post=16893"},{"taxonomy":"product_cat","embeddable":true,"href":"https:\/\/triopersonalizados.com.br\/wp-json\/wp\/v2\/product_cat?post=16893"},{"taxonomy":"product_tag","embeddable":true,"href":"https:\/\/triopersonalizados.com.br\/wp-json\/wp\/v2\/product_tag?post=16893"}],"curies":[{"name":"wp","href":"https:\/\/api.w.org\/{rel}","templated":true}]}}