
{"id":18015,"date":"2024-12-15T06:13:06","date_gmt":"2024-12-15T06:13:06","guid":{"rendered":"https:\/\/triopersonalizados.com.br\/?post_type=product&#038;p=18015"},"modified":"2026-03-15T22:13:31","modified_gmt":"2026-03-15T22:13:31","slug":"mouse-pad-17x21","status":"publish","type":"product","link":"https:\/\/triopersonalizados.com.br\/produto\/mouse-pad-17x21\/","title":{"rendered":"Mouse Pad Retangular de Neoprene"},"content":{"rendered":"<p>Mouse Pad Personalizado<\/p>\n<p>&#8211; Personalizamos com qualquer foto, imagem, arte, logo de sua empresa, marcas, etc.<br \/>\n&#8211; Tamanho 22&#215;18 cm<br \/>\n&#8211; A Prova D&#8217;\u00e1gua, n\u00e3o desbota e n\u00e3o mancha<br \/>\n&#8211; Impress\u00e3o em Alta Qualidade<br \/>\n&#8211; Durabilidade<br \/>\n&#8211; Base em Neoprene 3mm (n\u00e3o escorrega em nenhuma superf\u00edcie)<br \/>\n&#8211; Retangular com cantos arredondados<\/p>\n","protected":false},"excerpt":{"rendered":"<p>Mouse Pad Personalizado &#8211; Personalizamos com qualquer foto, imagem, arte, logo de sua empresa, marcas, etc. &#8211; Tamanho 22&#215;18 cm<\/p>\n","protected":false},"featured_media":20079,"comment_status":"open","ping_status":"closed","template":"","meta":{"iawp_total_views":7,"_joinchat":[]},"product_brand":[],"product_cat":[42,47],"product_tag":[],"class_list":{"0":"post-18015","1":"product","2":"type-product","3":"status-publish","4":"has-post-thumbnail","6":"product_cat-brindes-diversos","7":"product_cat-mousepad","9":"first","10":"instock","11":"shipping-taxable","12":"purchasable","13":"product-type-simple"},"_links":{"self":[{"href":"https:\/\/triopersonalizados.com.br\/wp-json\/wp\/v2\/product\/18015","targetHints":{"allow":["GET"]}}],"collection":[{"href":"https:\/\/triopersonalizados.com.br\/wp-json\/wp\/v2\/product"}],"about":[{"href":"https:\/\/triopersonalizados.com.br\/wp-json\/wp\/v2\/types\/product"}],"replies":[{"embeddable":true,"href":"https:\/\/triopersonalizados.com.br\/wp-json\/wp\/v2\/comments?post=18015"}],"wp:featuredmedia":[{"embeddable":true,"href":"https:\/\/triopersonalizados.com.br\/wp-json\/wp\/v2\/media\/20079"}],"wp:attachment":[{"href":"https:\/\/triopersonalizados.com.br\/wp-json\/wp\/v2\/media?parent=18015"}],"wp:term":[{"taxonomy":"product_brand","embeddable":true,"href":"https:\/\/triopersonalizados.com.br\/wp-json\/wp\/v2\/product_brand?post=18015"},{"taxonomy":"product_cat","embeddable":true,"href":"https:\/\/triopersonalizados.com.br\/wp-json\/wp\/v2\/product_cat?post=18015"},{"taxonomy":"product_tag","embeddable":true,"href":"https:\/\/triopersonalizados.com.br\/wp-json\/wp\/v2\/product_tag?post=18015"}],"curies":[{"name":"wp","href":"https:\/\/api.w.org\/{rel}","templated":true}]}}