{"id":18114,"date":"2024-12-18T20:22:24","date_gmt":"2024-12-18T20:22:24","guid":{"rendered":"https:\/\/triopersonalizados.com.br\/?post_type=product&#038;p=18114"},"modified":"2025-05-16T20:23:43","modified_gmt":"2025-05-16T20:23:43","slug":"caneca-aluminio-600ml","status":"publish","type":"product","link":"https:\/\/triopersonalizados.com.br\/?product=caneca-aluminio-600ml","title":{"rendered":"Caneca Alum\u00ednio 600ml"},"content":{"rendered":"<p>Caneca de alum\u00ednio para voc\u00ea e para presentear quem voc\u00ea gosta. \u00a0\u00c9 uma pe\u00e7a que alia estilo e funcionalidade, sendo ideal tanto para uso pessoal quanto para presentes personalizados.<\/p>\n<p>Dimens\u00f5es do produto:<\/p>\n<p>Capacidade: 600ml<\/p>\n<p>&nbsp;<\/p>\n<p>Cuidados com o produto: Lavar com sab\u00e3o neutro e esponja macia. N\u00e3o usar produtos abrasivos na limpeza.<\/p>\n","protected":false},"excerpt":{"rendered":"<p>Caneca de alum\u00ednio para voc\u00ea e para presentear quem voc\u00ea gosta. \u00a0\u00c9 uma pe\u00e7a que alia estilo e funcionalidade, sendo<\/p>\n","protected":false},"featured_media":20344,"comment_status":"open","ping_status":"closed","template":"","meta":{"iawp_total_views":7,"_joinchat":[]},"product_brand":[],"product_cat":[27,25],"product_tag":[],"class_list":{"0":"post-18114","1":"product","2":"type-product","3":"status-publish","4":"has-post-thumbnail","6":"product_cat-aluminio","7":"product_cat-caneca-especial","9":"first","10":"instock","11":"shipping-taxable","12":"product-type-variable"},"_links":{"self":[{"href":"https:\/\/triopersonalizados.com.br\/index.php?rest_route=\/wp\/v2\/product\/18114","targetHints":{"allow":["GET"]}}],"collection":[{"href":"https:\/\/triopersonalizados.com.br\/index.php?rest_route=\/wp\/v2\/product"}],"about":[{"href":"https:\/\/triopersonalizados.com.br\/index.php?rest_route=\/wp\/v2\/types\/product"}],"replies":[{"embeddable":true,"href":"https:\/\/triopersonalizados.com.br\/index.php?rest_route=%2Fwp%2Fv2%2Fcomments&post=18114"}],"wp:featuredmedia":[{"embeddable":true,"href":"https:\/\/triopersonalizados.com.br\/index.php?rest_route=\/wp\/v2\/media\/20344"}],"wp:attachment":[{"href":"https:\/\/triopersonalizados.com.br\/index.php?rest_route=%2Fwp%2Fv2%2Fmedia&parent=18114"}],"wp:term":[{"taxonomy":"product_brand","embeddable":true,"href":"https:\/\/triopersonalizados.com.br\/index.php?rest_route=%2Fwp%2Fv2%2Fproduct_brand&post=18114"},{"taxonomy":"product_cat","embeddable":true,"href":"https:\/\/triopersonalizados.com.br\/index.php?rest_route=%2Fwp%2Fv2%2Fproduct_cat&post=18114"},{"taxonomy":"product_tag","embeddable":true,"href":"https:\/\/triopersonalizados.com.br\/index.php?rest_route=%2Fwp%2Fv2%2Fproduct_tag&post=18114"}],"curies":[{"name":"wp","href":"https:\/\/api.w.org\/{rel}","templated":true}]}}