
{"id":18916,"date":"2024-12-29T22:26:46","date_gmt":"2024-12-30T01:26:46","guid":{"rendered":"https:\/\/triopersonalizados.com.br\/?post_type=product&#038;p=18916"},"modified":"2026-03-15T21:30:32","modified_gmt":"2026-03-15T21:30:32","slug":"camiseta-algodao-fe","status":"publish","type":"product","link":"https:\/\/triopersonalizados.com.br\/produto\/camiseta-algodao-fe\/","title":{"rendered":"Camiseta Algod\u00e3o F\u00e9 &#8211; Escolha a Arte"},"content":{"rendered":"<p>Camisetas estampadas com diversos temas. Voc\u00ea pode tamb\u00e9m enviar sua arte, conforme seu estilo! Compre j\u00e1 a sua!<br \/>\nEstampas em DTF<br \/>\n100% Algod\u00e3o, fio 30.1 penteado \u2013 Gola redonda.<br \/>\n\u00d3tima Qualidade e Conforto!<\/p>\n<p><img decoding=\"async\" class=\"alignnone  wp-image-20640\" src=\"https:\/\/triopersonalizados.com.br\/wp-content\/uploads\/2025\/02\/Camiseta-Unissex-300x129.webp\" alt=\"\" width=\"323\" height=\"139\" srcset=\"https:\/\/triopersonalizados.com.br\/wp-content\/uploads\/2025\/02\/Camiseta-Unissex-300x129.webp 300w, https:\/\/triopersonalizados.com.br\/wp-content\/uploads\/2025\/02\/Camiseta-Unissex-150x64.webp 150w, https:\/\/triopersonalizados.com.br\/wp-content\/uploads\/2025\/02\/Camiseta-Unissex-600x257.webp 600w, https:\/\/triopersonalizados.com.br\/wp-content\/uploads\/2025\/02\/Camiseta-Unissex.webp 700w\" sizes=\"(max-width: 323px) 100vw, 323px\" \/><\/p>\n<p>Importante: Pedido ser\u00e1 postado em 2 a 3 dias \u00fateis ap\u00f3s efetuada a compra.<\/p>\n","protected":false},"excerpt":{"rendered":"<p>Camisetas estampadas com diversos temas. Voc\u00ea pode tamb\u00e9m enviar sua arte, conforme seu estilo! Compre j\u00e1 a sua! Estampas em<\/p>\n","protected":false},"featured_media":19784,"comment_status":"open","ping_status":"closed","template":"","meta":{"iawp_total_views":25,"_joinchat":[]},"product_brand":[],"product_cat":[33,30,22],"product_tag":[17],"class_list":{"0":"post-18916","1":"product","2":"type-product","3":"status-publish","4":"has-post-thumbnail","6":"product_cat-algodao","7":"product_cat-camisetas","8":"product_cat-personalizados","9":"product_tag-lancamentos","11":"first","12":"instock","13":"shipping-taxable","14":"purchasable","15":"product-type-variable"},"_links":{"self":[{"href":"https:\/\/triopersonalizados.com.br\/wp-json\/wp\/v2\/product\/18916","targetHints":{"allow":["GET"]}}],"collection":[{"href":"https:\/\/triopersonalizados.com.br\/wp-json\/wp\/v2\/product"}],"about":[{"href":"https:\/\/triopersonalizados.com.br\/wp-json\/wp\/v2\/types\/product"}],"replies":[{"embeddable":true,"href":"https:\/\/triopersonalizados.com.br\/wp-json\/wp\/v2\/comments?post=18916"}],"wp:featuredmedia":[{"embeddable":true,"href":"https:\/\/triopersonalizados.com.br\/wp-json\/wp\/v2\/media\/19784"}],"wp:attachment":[{"href":"https:\/\/triopersonalizados.com.br\/wp-json\/wp\/v2\/media?parent=18916"}],"wp:term":[{"taxonomy":"product_brand","embeddable":true,"href":"https:\/\/triopersonalizados.com.br\/wp-json\/wp\/v2\/product_brand?post=18916"},{"taxonomy":"product_cat","embeddable":true,"href":"https:\/\/triopersonalizados.com.br\/wp-json\/wp\/v2\/product_cat?post=18916"},{"taxonomy":"product_tag","embeddable":true,"href":"https:\/\/triopersonalizados.com.br\/wp-json\/wp\/v2\/product_tag?post=18916"}],"curies":[{"name":"wp","href":"https:\/\/api.w.org\/{rel}","templated":true}]}}