
{"id":19509,"date":"2025-01-26T17:17:05","date_gmt":"2025-01-26T20:17:05","guid":{"rendered":"https:\/\/triopersonalizados.com.br\/?post_type=product&#038;p=19509"},"modified":"2026-03-15T21:08:30","modified_gmt":"2026-03-15T21:08:30","slug":"camiseta-algodao-preta-escolha-a-arte","status":"publish","type":"product","link":"https:\/\/triopersonalizados.com.br\/produto\/camiseta-algodao-preta-escolha-a-arte\/","title":{"rendered":"Camiseta Algod\u00e3o Preta &#8211; Escolha a Arte"},"content":{"rendered":"<p>Camisetas estampadas com diversos temas. Voc\u00ea pode tamb\u00e9m enviar sua arte, conforme seu estilo! Compre j\u00e1 a sua!<br \/>\nEstampas em DTF<br \/>\n100% Algod\u00e3o, fio 30.1 penteado \u2013 Gola redonda.<br \/>\n\u00d3tima Qualidade e Conforto!<br \/>\nModelo: unissex<\/p>\n<p><img fetchpriority=\"high\" decoding=\"async\" class=\"alignnone wp-image-20640\" src=\"https:\/\/triopersonalizados.com.br\/wp-content\/uploads\/2025\/02\/Camiseta-Unissex-300x129.webp\" alt=\"\" width=\"408\" height=\"175\" srcset=\"https:\/\/triopersonalizados.com.br\/wp-content\/uploads\/2025\/02\/Camiseta-Unissex-300x129.webp 300w, https:\/\/triopersonalizados.com.br\/wp-content\/uploads\/2025\/02\/Camiseta-Unissex-150x64.webp 150w, https:\/\/triopersonalizados.com.br\/wp-content\/uploads\/2025\/02\/Camiseta-Unissex-600x257.webp 600w, https:\/\/triopersonalizados.com.br\/wp-content\/uploads\/2025\/02\/Camiseta-Unissex.webp 700w\" sizes=\"(max-width: 408px) 100vw, 408px\" \/><\/p>\n<p>Importante: Pedido ser\u00e1 postado em 2 a 3 dias \u00fateis ap\u00f3s efetuada a compra.<\/p>\n","protected":false},"excerpt":{"rendered":"<p>Camisetas estampadas com diversos temas. Voc\u00ea pode tamb\u00e9m enviar sua arte, conforme seu estilo! Compre j\u00e1 a sua! Estampas em<\/p>\n","protected":false},"featured_media":19692,"comment_status":"open","ping_status":"closed","template":"","meta":{"iawp_total_views":23,"_joinchat":[]},"product_brand":[],"product_cat":[33,30,22],"product_tag":[17],"class_list":{"0":"post-19509","1":"product","2":"type-product","3":"status-publish","4":"has-post-thumbnail","6":"product_cat-algodao","7":"product_cat-camisetas","8":"product_cat-personalizados","9":"product_tag-lancamentos","11":"first","12":"instock","13":"shipping-taxable","14":"purchasable","15":"product-type-variable"},"_links":{"self":[{"href":"https:\/\/triopersonalizados.com.br\/wp-json\/wp\/v2\/product\/19509","targetHints":{"allow":["GET"]}}],"collection":[{"href":"https:\/\/triopersonalizados.com.br\/wp-json\/wp\/v2\/product"}],"about":[{"href":"https:\/\/triopersonalizados.com.br\/wp-json\/wp\/v2\/types\/product"}],"replies":[{"embeddable":true,"href":"https:\/\/triopersonalizados.com.br\/wp-json\/wp\/v2\/comments?post=19509"}],"wp:featuredmedia":[{"embeddable":true,"href":"https:\/\/triopersonalizados.com.br\/wp-json\/wp\/v2\/media\/19692"}],"wp:attachment":[{"href":"https:\/\/triopersonalizados.com.br\/wp-json\/wp\/v2\/media?parent=19509"}],"wp:term":[{"taxonomy":"product_brand","embeddable":true,"href":"https:\/\/triopersonalizados.com.br\/wp-json\/wp\/v2\/product_brand?post=19509"},{"taxonomy":"product_cat","embeddable":true,"href":"https:\/\/triopersonalizados.com.br\/wp-json\/wp\/v2\/product_cat?post=19509"},{"taxonomy":"product_tag","embeddable":true,"href":"https:\/\/triopersonalizados.com.br\/wp-json\/wp\/v2\/product_tag?post=19509"}],"curies":[{"name":"wp","href":"https:\/\/api.w.org\/{rel}","templated":true}]}}