
{"id":21696,"date":"2025-03-22T22:16:37","date_gmt":"2025-03-22T22:16:37","guid":{"rendered":"https:\/\/triopersonalizados.com.br\/?post_type=product&#038;p=21696"},"modified":"2026-03-15T20:44:14","modified_gmt":"2026-03-15T20:44:14","slug":"camiseta-poliester-personalize-com-sua-arte","status":"publish","type":"product","link":"https:\/\/triopersonalizados.com.br\/produto\/camiseta-poliester-personalize-com-sua-arte\/","title":{"rendered":"Camiseta Poli\u00e9ster &#8211; Personalize com sua Arte"},"content":{"rendered":"<p>Camisetas poli\u00e9ster estampadas com diversos temas. Voc\u00ea pode tamb\u00e9m enviar sua arte, conforme seu estilo! Compre j\u00e1 a sua!<\/p>\n<p>Estampas em sublima\u00e7\u00e3o<br \/>\n100% poli\u00e9ster \u2013 \u00d3tima Qualidade!<\/p>\n<p>Importante: Pedido ser\u00e1 postado em 1 a 2 dia \u00fatil ap\u00f3s efetuada a compra.<\/p>\n<p><img fetchpriority=\"high\" decoding=\"async\" class=\"alignnone wp-image-21817\" src=\"https:\/\/triopersonalizados.com.br\/wp-content\/uploads\/2025\/01\/Camiseta-unissex-medidas-300x181.webp\" alt=\"\" width=\"368\" height=\"222\" srcset=\"https:\/\/triopersonalizados.com.br\/wp-content\/uploads\/2025\/01\/Camiseta-unissex-medidas-300x181.webp 300w, https:\/\/triopersonalizados.com.br\/wp-content\/uploads\/2025\/01\/Camiseta-unissex-medidas-150x90.webp 150w, https:\/\/triopersonalizados.com.br\/wp-content\/uploads\/2025\/01\/Camiseta-unissex-medidas.webp 504w\" sizes=\"(max-width: 368px) 100vw, 368px\" \/><\/p>\n","protected":false},"excerpt":{"rendered":"<p>Camisetas poli\u00e9ster estampadas com diversos temas. Voc\u00ea pode tamb\u00e9m enviar sua arte, conforme seu estilo! Compre j\u00e1 a sua! Estampas<\/p>\n","protected":false},"featured_media":20144,"comment_status":"open","ping_status":"closed","template":"","meta":{"iawp_total_views":16,"_joinchat":[]},"product_brand":[],"product_cat":[30,22,32],"product_tag":[17],"class_list":{"0":"post-21696","1":"product","2":"type-product","3":"status-publish","4":"has-post-thumbnail","6":"product_cat-camisetas","7":"product_cat-personalizados","8":"product_cat-basica-poliester","9":"product_tag-lancamentos","11":"first","12":"instock","13":"featured","14":"shipping-taxable","15":"purchasable","16":"product-type-variable"},"_links":{"self":[{"href":"https:\/\/triopersonalizados.com.br\/wp-json\/wp\/v2\/product\/21696","targetHints":{"allow":["GET"]}}],"collection":[{"href":"https:\/\/triopersonalizados.com.br\/wp-json\/wp\/v2\/product"}],"about":[{"href":"https:\/\/triopersonalizados.com.br\/wp-json\/wp\/v2\/types\/product"}],"replies":[{"embeddable":true,"href":"https:\/\/triopersonalizados.com.br\/wp-json\/wp\/v2\/comments?post=21696"}],"wp:featuredmedia":[{"embeddable":true,"href":"https:\/\/triopersonalizados.com.br\/wp-json\/wp\/v2\/media\/20144"}],"wp:attachment":[{"href":"https:\/\/triopersonalizados.com.br\/wp-json\/wp\/v2\/media?parent=21696"}],"wp:term":[{"taxonomy":"product_brand","embeddable":true,"href":"https:\/\/triopersonalizados.com.br\/wp-json\/wp\/v2\/product_brand?post=21696"},{"taxonomy":"product_cat","embeddable":true,"href":"https:\/\/triopersonalizados.com.br\/wp-json\/wp\/v2\/product_cat?post=21696"},{"taxonomy":"product_tag","embeddable":true,"href":"https:\/\/triopersonalizados.com.br\/wp-json\/wp\/v2\/product_tag?post=21696"}],"curies":[{"name":"wp","href":"https:\/\/api.w.org\/{rel}","templated":true}]}}