{"id":22210,"date":"2025-06-07T01:44:52","date_gmt":"2025-06-07T01:44:52","guid":{"rendered":"https:\/\/triopersonalizados.com.br\/?post_type=product&#038;p=22210"},"modified":"2026-03-15T20:39:32","modified_gmt":"2026-03-15T20:39:32","slug":"squeeze-nike-600ml","status":"publish","type":"product","link":"https:\/\/triopersonalizados.com.br\/?product=squeeze-nike-600ml","title":{"rendered":"Squeeze Nike 600ml"},"content":{"rendered":"<p>Garrafa t\u00e9rmica e squeeze sublimados s\u00e3o op\u00e7\u00f5es excelentes para quem busca praticidade e personaliza\u00e7\u00e3o no dia a dia. As garrafas t\u00e9rmicas s\u00e3o ideais para manter bebidas na temperatura desejada por um longo per\u00edodo, seja quente ou fria, tornando-se perfeitas para transportar caf\u00e9, ch\u00e1, \u00e1gua ou sucos. J\u00e1 os squeezes s\u00e3o mais leves e pr\u00e1ticos, ideais para atividades f\u00edsicas, passeios ou uso di\u00e1rio no trabalho e na escola.<\/p>\n<p>A t\u00e9cnica de sublima\u00e7\u00e3o adiciona um toque especial a esses itens, permitindo que sejam personalizados com imagens, logotipos, frases ou desenhos exclusivos. Isso faz com que se tornem presentes incr\u00edveis, brindes corporativos diferenciados ou at\u00e9 mesmo itens promocionais para empresas que desejam refor\u00e7ar sua marca.<\/p>\n","protected":false},"excerpt":{"rendered":"<p>Garrafa t\u00e9rmica e squeeze sublimados s\u00e3o op\u00e7\u00f5es excelentes para quem busca praticidade e personaliza\u00e7\u00e3o no dia a dia. As garrafas<\/p>\n","protected":false},"featured_media":22215,"comment_status":"open","ping_status":"closed","template":"","meta":{"iawp_total_views":2,"_joinchat":[]},"product_brand":[],"product_cat":[22,36,37],"product_tag":[],"class_list":{"0":"post-22210","1":"product","2":"type-product","3":"status-publish","4":"has-post-thumbnail","6":"product_cat-personalizados","7":"product_cat-squeeze","8":"product_cat-squeeze-e-garrafa-termica","10":"first","11":"instock","12":"shipping-taxable","13":"purchasable","14":"product-type-variable"},"_links":{"self":[{"href":"https:\/\/triopersonalizados.com.br\/index.php?rest_route=\/wp\/v2\/product\/22210","targetHints":{"allow":["GET"]}}],"collection":[{"href":"https:\/\/triopersonalizados.com.br\/index.php?rest_route=\/wp\/v2\/product"}],"about":[{"href":"https:\/\/triopersonalizados.com.br\/index.php?rest_route=\/wp\/v2\/types\/product"}],"replies":[{"embeddable":true,"href":"https:\/\/triopersonalizados.com.br\/index.php?rest_route=%2Fwp%2Fv2%2Fcomments&post=22210"}],"wp:featuredmedia":[{"embeddable":true,"href":"https:\/\/triopersonalizados.com.br\/index.php?rest_route=\/wp\/v2\/media\/22215"}],"wp:attachment":[{"href":"https:\/\/triopersonalizados.com.br\/index.php?rest_route=%2Fwp%2Fv2%2Fmedia&parent=22210"}],"wp:term":[{"taxonomy":"product_brand","embeddable":true,"href":"https:\/\/triopersonalizados.com.br\/index.php?rest_route=%2Fwp%2Fv2%2Fproduct_brand&post=22210"},{"taxonomy":"product_cat","embeddable":true,"href":"https:\/\/triopersonalizados.com.br\/index.php?rest_route=%2Fwp%2Fv2%2Fproduct_cat&post=22210"},{"taxonomy":"product_tag","embeddable":true,"href":"https:\/\/triopersonalizados.com.br\/index.php?rest_route=%2Fwp%2Fv2%2Fproduct_tag&post=22210"}],"curies":[{"name":"wp","href":"https:\/\/api.w.org\/{rel}","templated":true}]}}